{"id":7138,"date":"2022-02-18T09:13:11","date_gmt":"2022-02-18T08:13:11","guid":{"rendered":"https:\/\/www.hotelalexis.cz\/unterkunft\/haeufig-gestellte-fragen\/"},"modified":"2025-08-02T13:19:28","modified_gmt":"2025-08-02T11:19:28","slug":"haeufig-gestellte-fragen","status":"publish","type":"page","link":"https:\/\/www.hotelalexis.cz\/de\/unterkunft\/haeufig-gestellte-fragen\/","title":{"rendered":"H\u00e4ufig gestellte Fragen"},"content":{"rendered":"\t\t<div data-elementor-type=\"wp-page\" data-elementor-id=\"7138\" class=\"elementor elementor-7138 elementor-2694\" data-elementor-settings=\"[]\">\n\t\t\t\t\t\t\t<div class=\"elementor-section-wrap\">\n\t\t\t\t\t\t\t<section class=\"elementor-section elementor-top-section elementor-element elementor-element-ba24173 elementor-section-full_width qodef-elementor-content-grid elementor-section-height-default elementor-section-height-default\" data-id=\"ba24173\" data-element_type=\"section\">\n\t\t\t\t\t\t<div class=\"elementor-container elementor-column-gap-no\">\n\t\t\t\t\t<div class=\"elementor-column elementor-col-100 elementor-top-column elementor-element elementor-element-ad81f16\" data-id=\"ad81f16\" data-element_type=\"column\">\n\t\t\t<div class=\"elementor-widget-wrap elementor-element-populated\">\n\t\t\t\t\t\t\t\t<div class=\"elementor-element elementor-element-3dc2385 elementor-widget elementor-widget-alloggio_core_accordion\" data-id=\"3dc2385\" data-element_type=\"widget\" data-widget_type=\"alloggio_core_accordion.default\">\n\t\t\t\t<div class=\"elementor-widget-container\">\n\t\t\t<div class=\"qodef-shortcode qodef-m  qodef-accordion clear qodef-behavior--accordion qodef-layout--simple\">\n\t<h4 class=\"qodef-accordion-title\">\n\t<span class=\"qodef-tab-title\">\n\t\tWas kostet das Parken f\u00fcr Hotelg\u00e4ste?\t<\/span>\n\t<span class=\"qodef-accordion-mark\">\n\t\t<span class=\"qodef-icon--arrow-down\"><span class=\"qodef-icon-linea-icons icon-arrows-down\" ><\/span><\/span>\n\t\t<span class=\"qodef-icon--arrow-up\"><span class=\"qodef-icon-linea-icons icon-arrows-up\" ><\/span><\/span>\n\t<\/span>\n<\/h4>\n<div class=\"qodef-accordion-content\">\n\t<div class=\"qodef-accordion-content-inner\">\n\t\t<p>Sie k\u00f6nnen direkt unter den Fenstern des Hotels gegen eine Geb\u00fchr von 200 CZK (8 EUR) \/ Nacht parken.<\/p>\t<\/div>\n<\/div><h4 class=\"qodef-accordion-title\">\n\t<span class=\"qodef-tab-title\">\n\t\tIst es m\u00f6glich, das Fr\u00fchst\u00fcck bei der Ankunft oder w\u00e4hrend des Aufenthalts zu bestellen?\t<\/span>\n\t<span class=\"qodef-accordion-mark\">\n\t\t<span class=\"qodef-icon--arrow-down\"><span class=\"qodef-icon-linea-icons icon-arrows-down\" ><\/span><\/span>\n\t\t<span class=\"qodef-icon--arrow-up\"><span class=\"qodef-icon-linea-icons icon-arrows-up\" ><\/span><\/span>\n\t<\/span>\n<\/h4>\n<div class=\"qodef-accordion-content\">\n\t<div class=\"qodef-accordion-content-inner\">\n\t\t<p>Ja, das Fr\u00fchst\u00fcck kostet 200 CZK (8 EUR) \/ Person.<\/p>\t<\/div>\n<\/div><h4 class=\"qodef-accordion-title\">\n\t<span class=\"qodef-tab-title\">\n\t\tWann kann ich sp\u00e4testens einchecken?\t<\/span>\n\t<span class=\"qodef-accordion-mark\">\n\t\t<span class=\"qodef-icon--arrow-down\"><span class=\"qodef-icon-linea-icons icon-arrows-down\" ><\/span><\/span>\n\t\t<span class=\"qodef-icon--arrow-up\"><span class=\"qodef-icon-linea-icons icon-arrows-up\" ><\/span><\/span>\n\t<\/span>\n<\/h4>\n<div class=\"qodef-accordion-content\">\n\t<div class=\"qodef-accordion-content-inner\">\n\t\t<p>Die Rezeption ist 24 Stunden besetzt, Sie k\u00f6nnen also auch am sp\u00e4ten Abend zu uns kommen.<\/p>\t<\/div>\n<\/div><h4 class=\"qodef-accordion-title\">\n\t<span class=\"qodef-tab-title\">\n\t\tKann ich die Unterkunft mit Kreditkarte bezahlen?\t<\/span>\n\t<span class=\"qodef-accordion-mark\">\n\t\t<span class=\"qodef-icon--arrow-down\"><span class=\"qodef-icon-linea-icons icon-arrows-down\" ><\/span><\/span>\n\t\t<span class=\"qodef-icon--arrow-up\"><span class=\"qodef-icon-linea-icons icon-arrows-up\" ><\/span><\/span>\n\t<\/span>\n<\/h4>\n<div class=\"qodef-accordion-content\">\n\t<div class=\"qodef-accordion-content-inner\">\n\t\t<p>Ja, Sie k\u00f6nnen alle Dienstleistungen an der Hotelrezeption in bar oder mit VISA, MasterCard und Maestro Kreditkarten bezahlen.<\/p>\t<\/div>\n<\/div><h4 class=\"qodef-accordion-title\">\n\t<span class=\"qodef-tab-title\">\n\t\tAb wann kann ich einchecken?\t<\/span>\n\t<span class=\"qodef-accordion-mark\">\n\t\t<span class=\"qodef-icon--arrow-down\"><span class=\"qodef-icon-linea-icons icon-arrows-down\" ><\/span><\/span>\n\t\t<span class=\"qodef-icon--arrow-up\"><span class=\"qodef-icon-linea-icons icon-arrows-up\" ><\/span><\/span>\n\t<\/span>\n<\/h4>\n<div class=\"qodef-accordion-content\">\n\t<div class=\"qodef-accordion-content-inner\">\n\t\t<p>Aufgrund h\u00f6herer Auslastung k\u00f6nnen wir Ihnen oft keinen Check-in vor 14 Uhr garantieren. Bei fr\u00fcherer Anreise k\u00f6nnen wir Ihr Gep\u00e4ck in einem abgeschlossenen Raum aufbewahren. An weniger frequentierten Terminen berechnen wir eine zus\u00e4tzliche Geb\u00fchr von 450 CZK (18 EUR) f\u00fcr den fr\u00fcheren Check-in.<\/p>\t<\/div>\n<\/div><h4 class=\"qodef-accordion-title\">\n\t<span class=\"qodef-tab-title\">\n\t\tGibt es einen Aufzug im Hotel?\t<\/span>\n\t<span class=\"qodef-accordion-mark\">\n\t\t<span class=\"qodef-icon--arrow-down\"><span class=\"qodef-icon-linea-icons icon-arrows-down\" ><\/span><\/span>\n\t\t<span class=\"qodef-icon--arrow-up\"><span class=\"qodef-icon-linea-icons icon-arrows-up\" ><\/span><\/span>\n\t<\/span>\n<\/h4>\n<div class=\"qodef-accordion-content\">\n\t<div class=\"qodef-accordion-content-inner\">\n\t\t<p>Alle Bereiche des Hotels befinden sich im Erdgeschoss, Sie k\u00f6nnen also nur unser Hotelpersonal aufziehen. \ud83d\ude42<\/p>\t<\/div>\n<\/div><h4 class=\"qodef-accordion-title\">\n\t<span class=\"qodef-tab-title\">\n\t\tKann ich mit meinem Hund bei ihnen \u00fcbernachten?\t<\/span>\n\t<span class=\"qodef-accordion-mark\">\n\t\t<span class=\"qodef-icon--arrow-down\"><span class=\"qodef-icon-linea-icons icon-arrows-down\" ><\/span><\/span>\n\t\t<span class=\"qodef-icon--arrow-up\"><span class=\"qodef-icon-linea-icons icon-arrows-up\" ><\/span><\/span>\n\t<\/span>\n<\/h4>\n<div class=\"qodef-accordion-content\">\n\t<div class=\"qodef-accordion-content-inner\">\n\t\t<p>Leider ist dies nicht m\u00f6glich, Sie m\u00fcssen Ihre Haustiere zu Hause lassen. \ud83d\ude41<\/p>\t<\/div>\n<\/div><h4 class=\"qodef-accordion-title\">\n\t<span class=\"qodef-tab-title\">\n\t\tWann muss ich das Zimmer am Abreisetag verlassen?\t<\/span>\n\t<span class=\"qodef-accordion-mark\">\n\t\t<span class=\"qodef-icon--arrow-down\"><span class=\"qodef-icon-linea-icons icon-arrows-down\" ><\/span><\/span>\n\t\t<span class=\"qodef-icon--arrow-up\"><span class=\"qodef-icon-linea-icons icon-arrows-up\" ><\/span><\/span>\n\t<\/span>\n<\/h4>\n<div class=\"qodef-accordion-content\">\n\t<div class=\"qodef-accordion-content-inner\">\n\t\t<p>Bis 11 Uhr. An weniger frequentierten Terminen ist auch ein sp\u00e4terer Check-Out m\u00f6glich, f\u00fcr eine zus\u00e4tzliche Geb\u00fchr von CZK 450 (18 EUR).<\/p>\t<\/div>\n<\/div><h4 class=\"qodef-accordion-title\">\n\t<span class=\"qodef-tab-title\">\n\t\tSind alle Zimmer barrierefrei?\t<\/span>\n\t<span class=\"qodef-accordion-mark\">\n\t\t<span class=\"qodef-icon--arrow-down\"><span class=\"qodef-icon-linea-icons icon-arrows-down\" ><\/span><\/span>\n\t\t<span class=\"qodef-icon--arrow-up\"><span class=\"qodef-icon-linea-icons icon-arrows-up\" ><\/span><\/span>\n\t<\/span>\n<\/h4>\n<div class=\"qodef-accordion-content\">\n\t<div class=\"qodef-accordion-content-inner\">\n\t\t<p>Wir haben leider keine barrierefreien Zimmer. Mit Ausnahme von drei kleinen Treppen befinden sich aber alle Bereiche des Hotels im Erdgeschoss und behinderte G\u00e4ste k\u00f6nnen die meisten Zimmer problemlos erreichen.<\/p>\t<\/div>\n<\/div><h4 class=\"qodef-accordion-title\">\n\t<span class=\"qodef-tab-title\">\n\t\tKann ich die Firmenunterkunft nach der Abreise per Rechnung bezahlen?\t<\/span>\n\t<span class=\"qodef-accordion-mark\">\n\t\t<span class=\"qodef-icon--arrow-down\"><span class=\"qodef-icon-linea-icons icon-arrows-down\" ><\/span><\/span>\n\t\t<span class=\"qodef-icon--arrow-up\"><span class=\"qodef-icon-linea-icons icon-arrows-up\" ><\/span><\/span>\n\t<\/span>\n<\/h4>\n<div class=\"qodef-accordion-content\">\n\t<div class=\"qodef-accordion-content-inner\">\n\t\t<p>Die Zahlung per Rechnung ist nur f\u00fcr unsere Stammkunden m\u00f6glich. Leider erlauben wir es nicht f\u00fcr neue Kunden. Wenn Sie uns Ihre Rechnungsdaten\u00a0 rechtzeitig (mindestens 7 Tage vor Ihrer Ankunft) senden, k\u00f6nnen wir Ihnen eine Rechnung ausstellen, die nich vor Ihrem Ankunft f\u00e4llig ist.<\/p>\t<\/div>\n<\/div><h4 class=\"qodef-accordion-title\">\n\t<span class=\"qodef-tab-title\">\n\t\tIst es m\u00f6glich, Halbpension zu bestellen?\t<\/span>\n\t<span class=\"qodef-accordion-mark\">\n\t\t<span class=\"qodef-icon--arrow-down\"><span class=\"qodef-icon-linea-icons icon-arrows-down\" ><\/span><\/span>\n\t\t<span class=\"qodef-icon--arrow-up\"><span class=\"qodef-icon-linea-icons icon-arrows-up\" ><\/span><\/span>\n\t<\/span>\n<\/h4>\n<div class=\"qodef-accordion-content\">\n\t<div class=\"qodef-accordion-content-inner\">\n\t\t<p>Unser Hotel geh\u00f6rt zur Kategorie \"garni\", weil wir kein eigenes Restaurant haben. Kleine Snacks und Getr\u00e4nke k\u00f6nnen Sie aber in den Automaten an der Rezeption kaufen. Gerne empfehlen wir Ihnen auch unserer Lieblingsrestaurants rund um das Hotel.<\/p>\t<\/div>\n<\/div><h4 class=\"qodef-accordion-title\">\n\t<span class=\"qodef-tab-title\">\n\t\tK\u00f6nnen wir unsere Fahrr\u00e4der im Hotel abstellen?\t<\/span>\n\t<span class=\"qodef-accordion-mark\">\n\t\t<span class=\"qodef-icon--arrow-down\"><span class=\"qodef-icon-linea-icons icon-arrows-down\" ><\/span><\/span>\n\t\t<span class=\"qodef-icon--arrow-up\"><span class=\"qodef-icon-linea-icons icon-arrows-up\" ><\/span><\/span>\n\t<\/span>\n<\/h4>\n<div class=\"qodef-accordion-content\">\n\t<div class=\"qodef-accordion-content-inner\">\n\t\t<p>Sie k\u00f6nnen Ihr Fahrrad mit Ihrem eigenen Schloss abschlie\u00dfen und im Innenhof des Hotels abstellen.<\/p>\t<\/div>\n<\/div><\/div>\t\t<\/div>\n\t\t\t\t<\/div>\n\t\t\t\t\t<\/div>\n\t\t<\/div>\n\t\t\t\t\t\t\t<\/div>\n\t\t<\/section>\n\t\t\t\t\t\t<\/div>\n\t\t\t\t\t<\/div>\n\t\t","protected":false},"excerpt":{"rendered":"<p>Was kostet das Parken f\u00fcr Hotelg\u00e4ste? Sie k\u00f6nnen direkt unter den Fenstern des Hotels gegen eine Geb\u00fchr von 200 CZK (8 EUR) \/ Nacht parken. Ist es m\u00f6glich, das Fr\u00fchst\u00fcck bei der Ankunft oder w\u00e4hrend des Aufenthalts zu bestellen? Ja, das Fr\u00fchst\u00fcck kostet 200 CZK (8 EUR) \/ Person. Wann kann ich sp\u00e4testens einchecken? Die [&hellip;]<\/p>\n","protected":false},"author":1,"featured_media":0,"parent":7017,"menu_order":0,"comment_status":"closed","ping_status":"closed","template":"page-full-width.php","meta":[],"yoast_head":"<!-- This site is optimized with the Yoast SEO plugin v18.2 - https:\/\/yoast.com\/wordpress\/plugins\/seo\/ -->\n<title>H\u00e4ufig gestellte Fragen | Hotel Alexis Prag, Vinohrady<\/title>\n<meta name=\"description\" content=\"Was interessiert Sie am meisten an der Unterkunft im Hotel Alexis in Vinohrady? 24 Stunden Rezeption, Parkpreis oder sp\u00e4terer Check-out.\" \/>\n<meta name=\"robots\" content=\"index, follow, max-snippet:-1, max-image-preview:large, max-video-preview:-1\" \/>\n<link rel=\"canonical\" href=\"https:\/\/www.hotelalexis.cz\/de\/unterkunft\/haeufig-gestellte-fragen\/\" \/>\n<meta property=\"og:locale\" content=\"de_DE\" \/>\n<meta property=\"og:type\" content=\"article\" \/>\n<meta property=\"og:title\" content=\"H\u00e4ufig gestellte Fragen | Hotel Alexis Prag, Vinohrady\" \/>\n<meta property=\"og:description\" content=\"Was interessiert Sie am meisten an der Unterkunft im Hotel Alexis in Vinohrady? 24 Stunden Rezeption, Parkpreis oder sp\u00e4terer Check-out.\" \/>\n<meta property=\"og:url\" content=\"https:\/\/www.hotelalexis.cz\/de\/unterkunft\/haeufig-gestellte-fragen\/\" \/>\n<meta property=\"og:site_name\" content=\"Hotel Alexis Praha | Stylov\u00fd hotel na Vinohradech\" \/>\n<meta property=\"article:modified_time\" content=\"2025-08-02T11:19:28+00:00\" \/>\n<meta name=\"twitter:card\" content=\"summary_large_image\" \/>\n<meta name=\"twitter:label1\" content=\"Gesch\u00e4tzte Lesezeit\" \/>\n\t<meta name=\"twitter:data1\" content=\"3 Minuten\" \/>\n<script type=\"application\/ld+json\" class=\"yoast-schema-graph\">{\"@context\":\"https:\/\/schema.org\",\"@graph\":[{\"@type\":\"Organization\",\"@id\":\"https:\/\/www.hotelalexis.cz\/#organization\",\"name\":\"Hotel Alexis*** Praha\",\"url\":\"https:\/\/www.hotelalexis.cz\/\",\"sameAs\":[],\"logo\":{\"@type\":\"ImageObject\",\"@id\":\"https:\/\/www.hotelalexis.cz\/#logo\",\"inLanguage\":\"de-DE\",\"url\":\"https:\/\/www.hotelalexis.cz\/wp-content\/uploads\/2022\/02\/hotel-alexis-praha-logo.png\",\"contentUrl\":\"https:\/\/www.hotelalexis.cz\/wp-content\/uploads\/2022\/02\/hotel-alexis-praha-logo.png\",\"width\":220,\"height\":220,\"caption\":\"Hotel Alexis*** Praha\"},\"image\":{\"@id\":\"https:\/\/www.hotelalexis.cz\/#logo\"}},{\"@type\":\"WebSite\",\"@id\":\"https:\/\/www.hotelalexis.cz\/#website\",\"url\":\"https:\/\/www.hotelalexis.cz\/\",\"name\":\"Hotel Alexis Praha | Stylov\u00fd hotel na Vinohradech\",\"description\":\"\",\"publisher\":{\"@id\":\"https:\/\/www.hotelalexis.cz\/#organization\"},\"potentialAction\":[{\"@type\":\"SearchAction\",\"target\":{\"@type\":\"EntryPoint\",\"urlTemplate\":\"https:\/\/www.hotelalexis.cz\/?s={search_term_string}\"},\"query-input\":\"required name=search_term_string\"}],\"inLanguage\":\"de-DE\"},{\"@type\":\"WebPage\",\"@id\":\"https:\/\/www.hotelalexis.cz\/de\/unterkunft\/haeufig-gestellte-fragen\/#webpage\",\"url\":\"https:\/\/www.hotelalexis.cz\/de\/unterkunft\/haeufig-gestellte-fragen\/\",\"name\":\"H\u00e4ufig gestellte Fragen | Hotel Alexis Prag, Vinohrady\",\"isPartOf\":{\"@id\":\"https:\/\/www.hotelalexis.cz\/#website\"},\"datePublished\":\"2022-02-18T08:13:11+00:00\",\"dateModified\":\"2025-08-02T11:19:28+00:00\",\"description\":\"Was interessiert Sie am meisten an der Unterkunft im Hotel Alexis in Vinohrady? 24 Stunden Rezeption, Parkpreis oder sp\u00e4terer Check-out.\",\"breadcrumb\":{\"@id\":\"https:\/\/www.hotelalexis.cz\/de\/unterkunft\/haeufig-gestellte-fragen\/#breadcrumb\"},\"inLanguage\":\"de-DE\",\"potentialAction\":[{\"@type\":\"ReadAction\",\"target\":[\"https:\/\/www.hotelalexis.cz\/de\/unterkunft\/haeufig-gestellte-fragen\/\"]}]},{\"@type\":\"BreadcrumbList\",\"@id\":\"https:\/\/www.hotelalexis.cz\/de\/unterkunft\/haeufig-gestellte-fragen\/#breadcrumb\",\"itemListElement\":[{\"@type\":\"ListItem\",\"position\":1,\"name\":\"Dom\u016f\",\"item\":\"https:\/\/www.hotelalexis.cz\/de\/\"},{\"@type\":\"ListItem\",\"position\":2,\"name\":\"Unterkunft\",\"item\":\"https:\/\/www.hotelalexis.cz\/de\/ubytovani\/\"},{\"@type\":\"ListItem\",\"position\":3,\"name\":\"H\u00e4ufig gestellte Fragen\"}]}]}<\/script>\n<!-- \/ Yoast SEO plugin. -->","yoast_head_json":{"title":"H\u00e4ufig gestellte Fragen | Hotel Alexis Prag, Vinohrady","description":"Was interessiert Sie am meisten an der Unterkunft im Hotel Alexis in Vinohrady? 24 Stunden Rezeption, Parkpreis oder sp\u00e4terer Check-out.","robots":{"index":"index","follow":"follow","max-snippet":"max-snippet:-1","max-image-preview":"max-image-preview:large","max-video-preview":"max-video-preview:-1"},"canonical":"https:\/\/www.hotelalexis.cz\/de\/unterkunft\/haeufig-gestellte-fragen\/","og_locale":"de_DE","og_type":"article","og_title":"H\u00e4ufig gestellte Fragen | Hotel Alexis Prag, Vinohrady","og_description":"Was interessiert Sie am meisten an der Unterkunft im Hotel Alexis in Vinohrady? 24 Stunden Rezeption, Parkpreis oder sp\u00e4terer Check-out.","og_url":"https:\/\/www.hotelalexis.cz\/de\/unterkunft\/haeufig-gestellte-fragen\/","og_site_name":"Hotel Alexis Praha | Stylov\u00fd hotel na Vinohradech","article_modified_time":"2025-08-02T11:19:28+00:00","twitter_card":"summary_large_image","twitter_misc":{"Gesch\u00e4tzte Lesezeit":"3 Minuten"},"schema":{"@context":"https:\/\/schema.org","@graph":[{"@type":"Organization","@id":"https:\/\/www.hotelalexis.cz\/#organization","name":"Hotel Alexis*** Praha","url":"https:\/\/www.hotelalexis.cz\/","sameAs":[],"logo":{"@type":"ImageObject","@id":"https:\/\/www.hotelalexis.cz\/#logo","inLanguage":"de-DE","url":"https:\/\/www.hotelalexis.cz\/wp-content\/uploads\/2022\/02\/hotel-alexis-praha-logo.png","contentUrl":"https:\/\/www.hotelalexis.cz\/wp-content\/uploads\/2022\/02\/hotel-alexis-praha-logo.png","width":220,"height":220,"caption":"Hotel Alexis*** Praha"},"image":{"@id":"https:\/\/www.hotelalexis.cz\/#logo"}},{"@type":"WebSite","@id":"https:\/\/www.hotelalexis.cz\/#website","url":"https:\/\/www.hotelalexis.cz\/","name":"Hotel Alexis Praha | Stylov\u00fd hotel na Vinohradech","description":"","publisher":{"@id":"https:\/\/www.hotelalexis.cz\/#organization"},"potentialAction":[{"@type":"SearchAction","target":{"@type":"EntryPoint","urlTemplate":"https:\/\/www.hotelalexis.cz\/?s={search_term_string}"},"query-input":"required name=search_term_string"}],"inLanguage":"de-DE"},{"@type":"WebPage","@id":"https:\/\/www.hotelalexis.cz\/de\/unterkunft\/haeufig-gestellte-fragen\/#webpage","url":"https:\/\/www.hotelalexis.cz\/de\/unterkunft\/haeufig-gestellte-fragen\/","name":"H\u00e4ufig gestellte Fragen | Hotel Alexis Prag, Vinohrady","isPartOf":{"@id":"https:\/\/www.hotelalexis.cz\/#website"},"datePublished":"2022-02-18T08:13:11+00:00","dateModified":"2025-08-02T11:19:28+00:00","description":"Was interessiert Sie am meisten an der Unterkunft im Hotel Alexis in Vinohrady? 24 Stunden Rezeption, Parkpreis oder sp\u00e4terer Check-out.","breadcrumb":{"@id":"https:\/\/www.hotelalexis.cz\/de\/unterkunft\/haeufig-gestellte-fragen\/#breadcrumb"},"inLanguage":"de-DE","potentialAction":[{"@type":"ReadAction","target":["https:\/\/www.hotelalexis.cz\/de\/unterkunft\/haeufig-gestellte-fragen\/"]}]},{"@type":"BreadcrumbList","@id":"https:\/\/www.hotelalexis.cz\/de\/unterkunft\/haeufig-gestellte-fragen\/#breadcrumb","itemListElement":[{"@type":"ListItem","position":1,"name":"Dom\u016f","item":"https:\/\/www.hotelalexis.cz\/de\/"},{"@type":"ListItem","position":2,"name":"Unterkunft","item":"https:\/\/www.hotelalexis.cz\/de\/ubytovani\/"},{"@type":"ListItem","position":3,"name":"H\u00e4ufig gestellte Fragen"}]}]}},"_links":{"self":[{"href":"https:\/\/www.hotelalexis.cz\/de\/wp-json\/wp\/v2\/pages\/7138"}],"collection":[{"href":"https:\/\/www.hotelalexis.cz\/de\/wp-json\/wp\/v2\/pages"}],"about":[{"href":"https:\/\/www.hotelalexis.cz\/de\/wp-json\/wp\/v2\/types\/page"}],"author":[{"embeddable":true,"href":"https:\/\/www.hotelalexis.cz\/de\/wp-json\/wp\/v2\/users\/1"}],"replies":[{"embeddable":true,"href":"https:\/\/www.hotelalexis.cz\/de\/wp-json\/wp\/v2\/comments?post=7138"}],"version-history":[{"count":66,"href":"https:\/\/www.hotelalexis.cz\/de\/wp-json\/wp\/v2\/pages\/7138\/revisions"}],"predecessor-version":[{"id":7866,"href":"https:\/\/www.hotelalexis.cz\/de\/wp-json\/wp\/v2\/pages\/7138\/revisions\/7866"}],"up":[{"embeddable":true,"href":"https:\/\/www.hotelalexis.cz\/de\/wp-json\/wp\/v2\/pages\/7017"}],"wp:attachment":[{"href":"https:\/\/www.hotelalexis.cz\/de\/wp-json\/wp\/v2\/media?parent=7138"}],"curies":[{"name":"wp","href":"https:\/\/api.w.org\/{rel}","templated":true}]}}