{"id":7035,"date":"2022-02-23T11:01:38","date_gmt":"2022-02-23T10:01:38","guid":{"rendered":"https:\/\/www.hotelalexis.cz\/snidane\/"},"modified":"2024-05-28T18:30:20","modified_gmt":"2024-05-28T16:30:20","slug":"fruehstueck","status":"publish","type":"page","link":"https:\/\/www.hotelalexis.cz\/de\/fruehstueck\/","title":{"rendered":"Fr\u00fchst\u00fcck"},"content":{"rendered":"\t\t<div data-elementor-type=\"wp-page\" data-elementor-id=\"7035\" class=\"elementor elementor-7035 elementor-5706\" data-elementor-settings=\"[]\">\n\t\t\t\t\t\t\t<div class=\"elementor-section-wrap\">\n\t\t\t\t\t\t\t<section class=\"elementor-section elementor-top-section elementor-element elementor-element-7ff20ca elementor-section-full_width qodef-elementor-content-grid elementor-section-height-default elementor-section-height-default\" data-id=\"7ff20ca\" data-element_type=\"section\">\n\t\t\t\t\t\t<div class=\"elementor-container elementor-column-gap-no\">\n\t\t\t\t\t<div class=\"elementor-column elementor-col-100 elementor-top-column elementor-element elementor-element-500b04f\" data-id=\"500b04f\" data-element_type=\"column\">\n\t\t\t<div class=\"elementor-widget-wrap elementor-element-populated\">\n\t\t\t\t\t\t\t\t<div class=\"elementor-element elementor-element-96e5e8f elementor-widget elementor-widget-text-editor\" data-id=\"96e5e8f\" data-element_type=\"widget\" data-widget_type=\"text-editor.default\">\n\t\t\t\t<div class=\"elementor-widget-container\">\n\t\t\t<style>\/*! elementor - v3.5.5 - 03-02-2022 *\/\n.elementor-widget-text-editor.elementor-drop-cap-view-stacked .elementor-drop-cap{background-color:#818a91;color:#fff}.elementor-widget-text-editor.elementor-drop-cap-view-framed .elementor-drop-cap{color:#818a91;border:3px solid;background-color:transparent}.elementor-widget-text-editor:not(.elementor-drop-cap-view-default) .elementor-drop-cap{margin-top:8px}.elementor-widget-text-editor:not(.elementor-drop-cap-view-default) .elementor-drop-cap-letter{width:1em;height:1em}.elementor-widget-text-editor .elementor-drop-cap{float:left;text-align:center;line-height:1;font-size:50px}.elementor-widget-text-editor .elementor-drop-cap-letter{display:inline-block}<\/style>\t\t\t\t<p style=\"text-align: center;\">Das Fr\u00fchst\u00fcck wird t\u00e4glich von 07:00 bis 10:00 Uhr in der Fr\u00fchst\u00fcckslobby vor der Hotelrezeption serviert.<\/p><p style=\"text-align: center;\">Jeden Morgen k\u00f6nnen Sie sich auf ein kaltes und warmes Buffet, frisches Gem\u00fcse, hei\u00dfe und gek\u00fchlte Getr\u00e4nke (Kaffee, Tee, Saft, Milch) freuen.<\/p>\n<p style=\"text-align: center;\">Wenn Sie das Fr\u00fchst\u00fcck nicht im Unterkunftspreis inbegriffen haben, k\u00f6nnen Sie es bei Ihrer Ankunft oder w\u00e4hrend Ihres Aufenthalts f\u00fcr 200 CZK (8 EUR) pro Person bestellen.<\/p>\t\t\t\t\t\t<\/div>\n\t\t\t\t<\/div>\n\t\t\t\t\t<\/div>\n\t\t<\/div>\n\t\t\t\t\t\t\t<\/div>\n\t\t<\/section>\n\t\t\t\t<section class=\"elementor-section elementor-top-section elementor-element elementor-element-5f68976 elementor-section-full_width qodef-elementor-content-grid elementor-section-height-default elementor-section-height-default\" data-id=\"5f68976\" data-element_type=\"section\">\n\t\t\t\t\t\t<div class=\"elementor-container elementor-column-gap-no\">\n\t\t\t\t\t<div class=\"elementor-column elementor-col-100 elementor-top-column elementor-element elementor-element-7e793dc\" data-id=\"7e793dc\" data-element_type=\"column\">\n\t\t\t<div class=\"elementor-widget-wrap elementor-element-populated\">\n\t\t\t\t\t\t\t\t<div class=\"elementor-element elementor-element-ad0be11 elementor-widget elementor-widget-alloggio_core_image_gallery\" data-id=\"ad0be11\" data-element_type=\"widget\" data-widget_type=\"alloggio_core_image_gallery.default\">\n\t\t\t\t<div class=\"elementor-widget-container\">\n\t\t\t<div class=\"qodef-shortcode qodef-m  qodef-image-gallery qodef-magnific-popup qodef-popup-gallery     qodef-grid qodef-layout--columns  qodef-gutter--normal qodef-col-num--3  qodef-responsive--custom qodef-col-num--1440--3 qodef-col-num--1366--3 qodef-col-num--1024--3 qodef-col-num--768--1 qodef-col-num--680--1 qodef-col-num--480--1\">\n    <div class=\"qodef-grid-inner clear\">\n\t\t<div class=\"qodef-e qodef-image-wrapper qodef-grid-item\">\n\t\t\t<a class=\"qodef-popup-item\" itemprop=\"image\" href=\"https:\/\/www.hotelalexis.cz\/wp-content\/uploads\/2022\/02\/snidane-hotel-alexis-praha-vinohrady-01.jpg\" data-type=\"image\" title=\"Sn\u00eddan\u011b v Hotelu Alexis*** Praha\">\n\t\t\t<img width=\"800\" height=\"532\" src=\"https:\/\/www.hotelalexis.cz\/wp-content\/uploads\/2022\/02\/snidane-hotel-alexis-praha-vinohrady-01.jpg\" class=\"attachment-full size-full\" alt=\"Sn\u00eddan\u011b v Hotelu Alexis*** Praha\" loading=\"lazy\" data-swiper-parallax=\"27%\" srcset=\"https:\/\/www.hotelalexis.cz\/wp-content\/uploads\/2022\/02\/snidane-hotel-alexis-praha-vinohrady-01.jpg 800w, https:\/\/www.hotelalexis.cz\/wp-content\/uploads\/2022\/02\/snidane-hotel-alexis-praha-vinohrady-01-300x200.jpg 300w, https:\/\/www.hotelalexis.cz\/wp-content\/uploads\/2022\/02\/snidane-hotel-alexis-praha-vinohrady-01-768x511.jpg 768w, https:\/\/www.hotelalexis.cz\/wp-content\/uploads\/2022\/02\/snidane-hotel-alexis-praha-vinohrady-01-600x399.jpg 600w\" sizes=\"(max-width: 800px) 100vw, 800px\" \/>\t\t\t<\/a>\n\t<\/div><div class=\"qodef-e qodef-image-wrapper qodef-grid-item\">\n\t\t\t<a class=\"qodef-popup-item\" itemprop=\"image\" href=\"https:\/\/www.hotelalexis.cz\/wp-content\/uploads\/2022\/02\/snidane-hotel-alexis-praha-vinohrady-02.jpg\" data-type=\"image\" title=\"Sn\u00eddan\u011b v Hotelu Alexis*** Praha\">\n\t\t\t<img width=\"800\" height=\"533\" src=\"https:\/\/www.hotelalexis.cz\/wp-content\/uploads\/2022\/02\/snidane-hotel-alexis-praha-vinohrady-02.jpg\" class=\"attachment-full size-full\" alt=\"Sn\u00eddan\u011b v Hotelu Alexis*** Praha\" loading=\"lazy\" data-swiper-parallax=\"27%\" srcset=\"https:\/\/www.hotelalexis.cz\/wp-content\/uploads\/2022\/02\/snidane-hotel-alexis-praha-vinohrady-02.jpg 800w, https:\/\/www.hotelalexis.cz\/wp-content\/uploads\/2022\/02\/snidane-hotel-alexis-praha-vinohrady-02-300x200.jpg 300w, https:\/\/www.hotelalexis.cz\/wp-content\/uploads\/2022\/02\/snidane-hotel-alexis-praha-vinohrady-02-768x512.jpg 768w, https:\/\/www.hotelalexis.cz\/wp-content\/uploads\/2022\/02\/snidane-hotel-alexis-praha-vinohrady-02-600x400.jpg 600w\" sizes=\"(max-width: 800px) 100vw, 800px\" \/>\t\t\t<\/a>\n\t<\/div><div class=\"qodef-e qodef-image-wrapper qodef-grid-item\">\n\t\t\t<a class=\"qodef-popup-item\" itemprop=\"image\" href=\"https:\/\/www.hotelalexis.cz\/wp-content\/uploads\/2022\/02\/snidanova-lobby-hotel-alexis-praha-vinohrady.jpg\" data-type=\"image\" title=\"Sn\u00edda\u0148ov\u00e1 lobby v Hotelu Alexis*** Praha\">\n\t\t\t<img width=\"800\" height=\"532\" src=\"https:\/\/www.hotelalexis.cz\/wp-content\/uploads\/2022\/02\/snidanova-lobby-hotel-alexis-praha-vinohrady.jpg\" class=\"attachment-full size-full\" alt=\"Sn\u00edda\u0148ov\u00e1 lobby v Hotelu Alexis*** Praha\" loading=\"lazy\" data-swiper-parallax=\"27%\" srcset=\"https:\/\/www.hotelalexis.cz\/wp-content\/uploads\/2022\/02\/snidanova-lobby-hotel-alexis-praha-vinohrady.jpg 800w, https:\/\/www.hotelalexis.cz\/wp-content\/uploads\/2022\/02\/snidanova-lobby-hotel-alexis-praha-vinohrady-300x200.jpg 300w, https:\/\/www.hotelalexis.cz\/wp-content\/uploads\/2022\/02\/snidanova-lobby-hotel-alexis-praha-vinohrady-768x511.jpg 768w, https:\/\/www.hotelalexis.cz\/wp-content\/uploads\/2022\/02\/snidanova-lobby-hotel-alexis-praha-vinohrady-600x399.jpg 600w\" sizes=\"(max-width: 800px) 100vw, 800px\" \/>\t\t\t<\/a>\n\t<\/div>    <\/div>\n<\/div>\t\t<\/div>\n\t\t\t\t<\/div>\n\t\t\t\t\t<\/div>\n\t\t<\/div>\n\t\t\t\t\t\t\t<\/div>\n\t\t<\/section>\n\t\t\t\t<section class=\"elementor-section elementor-top-section elementor-element elementor-element-4e03a16 elementor-section-full_width elementor-section-height-default elementor-section-height-default qodef-elementor-content-no\" data-id=\"4e03a16\" data-element_type=\"section\">\n\t\t\t\t\t\t<div class=\"elementor-container elementor-column-gap-default\">\n\t\t\t\t\t<div class=\"elementor-column elementor-col-100 elementor-top-column elementor-element elementor-element-a15c194\" data-id=\"a15c194\" data-element_type=\"column\">\n\t\t\t<div class=\"elementor-widget-wrap elementor-element-populated\">\n\t\t\t\t\t\t\t\t<div class=\"elementor-element elementor-element-7b7ab60 elementor-widget elementor-widget-text-editor\" data-id=\"7b7ab60\" data-element_type=\"widget\" data-widget_type=\"text-editor.default\">\n\t\t\t\t<div class=\"elementor-widget-container\">\n\t\t\t\t\t\t\t<p style=\"text-align: center;\">Haben Sie das Fr\u00fchst\u00fcck bezahlt, aber Sie m\u00fcssen das Hotel vor 7 Uhr morgens verlassen?\u00a0<\/p><p style=\"text-align: center;\">Informieren Sie unsere Kollegen an der Rezeption und wir bereiten ein Fr\u00fchst\u00fcckspaket oder eine andere Alternative f\u00fcr Sie vor.<\/p>\t\t\t\t\t\t<\/div>\n\t\t\t\t<\/div>\n\t\t\t\t\t<\/div>\n\t\t<\/div>\n\t\t\t\t\t\t\t<\/div>\n\t\t<\/section>\n\t\t\t\t<section class=\"elementor-section elementor-top-section elementor-element elementor-element-6a165f9 elementor-section-boxed elementor-section-height-default elementor-section-height-default qodef-elementor-content-no\" data-id=\"6a165f9\" data-element_type=\"section\">\n\t\t\t\t\t\t<div class=\"elementor-container elementor-column-gap-default\">\n\t\t\t\t\t<div class=\"elementor-column elementor-col-100 elementor-top-column elementor-element elementor-element-cdb10fb\" data-id=\"cdb10fb\" data-element_type=\"column\">\n\t\t\t<div class=\"elementor-widget-wrap elementor-element-populated\">\n\t\t\t\t\t\t\t\t<div class=\"elementor-element elementor-element-1bb0427 elementor-widget elementor-widget-spacer\" data-id=\"1bb0427\" data-element_type=\"widget\" data-widget_type=\"spacer.default\">\n\t\t\t\t<div class=\"elementor-widget-container\">\n\t\t\t\t\t<div class=\"elementor-spacer\">\n\t\t\t<div class=\"elementor-spacer-inner\"><\/div>\n\t\t<\/div>\n\t\t\t\t<\/div>\n\t\t\t\t<\/div>\n\t\t\t\t\t<\/div>\n\t\t<\/div>\n\t\t\t\t\t\t\t<\/div>\n\t\t<\/section>\n\t\t\t\t\t\t<\/div>\n\t\t\t\t\t<\/div>\n\t\t","protected":false},"excerpt":{"rendered":"<p>Das Fr\u00fchst\u00fcck wird t\u00e4glich von 07:00 bis 10:00 Uhr in der Fr\u00fchst\u00fcckslobby vor der Hotelrezeption serviert. Jeden Morgen k\u00f6nnen Sie sich auf ein kaltes und warmes Buffet, frisches Gem\u00fcse, hei\u00dfe und gek\u00fchlte Getr\u00e4nke (Kaffee, Tee, Saft, Milch) freuen. Wenn Sie das Fr\u00fchst\u00fcck nicht im Unterkunftspreis inbegriffen haben, k\u00f6nnen Sie es bei Ihrer Ankunft oder w\u00e4hrend [&hellip;]<\/p>\n","protected":false},"author":1,"featured_media":0,"parent":0,"menu_order":0,"comment_status":"closed","ping_status":"closed","template":"page-full-width.php","meta":[],"yoast_head":"<!-- This site is optimized with the Yoast SEO plugin v18.2 - https:\/\/yoast.com\/wordpress\/plugins\/seo\/ -->\n<title>Fr\u00fchst\u00fcck | Hotel Alexis Prag, Vinohrady<\/title>\n<meta name=\"description\" content=\"Im Hotel Alexis in Vinohrady bereiten wir f\u00fcr Sie jeden Tag ein schmackhaftes Fr\u00fchst\u00fccksbuffet zu, das ebenfalls in Unterkunftspreisen inbegriffen ist.\" \/>\n<meta name=\"robots\" content=\"index, follow, max-snippet:-1, max-image-preview:large, max-video-preview:-1\" \/>\n<link rel=\"canonical\" href=\"https:\/\/www.hotelalexis.cz\/de\/fruehstueck\/\" \/>\n<meta property=\"og:locale\" content=\"de_DE\" \/>\n<meta property=\"og:type\" content=\"article\" \/>\n<meta property=\"og:title\" content=\"Fr\u00fchst\u00fcck | Hotel Alexis Prag, Vinohrady\" \/>\n<meta property=\"og:description\" content=\"Im Hotel Alexis in Vinohrady bereiten wir f\u00fcr Sie jeden Tag ein schmackhaftes Fr\u00fchst\u00fccksbuffet zu, das ebenfalls in Unterkunftspreisen inbegriffen ist.\" \/>\n<meta property=\"og:url\" content=\"https:\/\/www.hotelalexis.cz\/de\/fruehstueck\/\" \/>\n<meta property=\"og:site_name\" content=\"Hotel Alexis Praha | Stylov\u00fd hotel na Vinohradech\" \/>\n<meta property=\"article:modified_time\" content=\"2024-05-28T16:30:20+00:00\" \/>\n<meta property=\"og:image\" content=\"https:\/\/www.hotelalexis.cz\/wp-content\/uploads\/2022\/02\/snidane-hotel-alexis-praha-vinohrady-01.jpg\" \/>\n<meta name=\"twitter:card\" content=\"summary_large_image\" \/>\n<meta name=\"twitter:label1\" content=\"Gesch\u00e4tzte Lesezeit\" \/>\n\t<meta name=\"twitter:data1\" content=\"2 Minuten\" \/>\n<script type=\"application\/ld+json\" class=\"yoast-schema-graph\">{\"@context\":\"https:\/\/schema.org\",\"@graph\":[{\"@type\":\"Organization\",\"@id\":\"https:\/\/www.hotelalexis.cz\/#organization\",\"name\":\"Hotel Alexis*** Praha\",\"url\":\"https:\/\/www.hotelalexis.cz\/\",\"sameAs\":[],\"logo\":{\"@type\":\"ImageObject\",\"@id\":\"https:\/\/www.hotelalexis.cz\/#logo\",\"inLanguage\":\"de-DE\",\"url\":\"https:\/\/www.hotelalexis.cz\/wp-content\/uploads\/2022\/02\/hotel-alexis-praha-logo.png\",\"contentUrl\":\"https:\/\/www.hotelalexis.cz\/wp-content\/uploads\/2022\/02\/hotel-alexis-praha-logo.png\",\"width\":220,\"height\":220,\"caption\":\"Hotel Alexis*** Praha\"},\"image\":{\"@id\":\"https:\/\/www.hotelalexis.cz\/#logo\"}},{\"@type\":\"WebSite\",\"@id\":\"https:\/\/www.hotelalexis.cz\/#website\",\"url\":\"https:\/\/www.hotelalexis.cz\/\",\"name\":\"Hotel Alexis Praha | Stylov\u00fd hotel na Vinohradech\",\"description\":\"\",\"publisher\":{\"@id\":\"https:\/\/www.hotelalexis.cz\/#organization\"},\"potentialAction\":[{\"@type\":\"SearchAction\",\"target\":{\"@type\":\"EntryPoint\",\"urlTemplate\":\"https:\/\/www.hotelalexis.cz\/?s={search_term_string}\"},\"query-input\":\"required name=search_term_string\"}],\"inLanguage\":\"de-DE\"},{\"@type\":\"ImageObject\",\"@id\":\"https:\/\/www.hotelalexis.cz\/de\/fruehstueck\/#primaryimage\",\"inLanguage\":\"de-DE\",\"url\":\"https:\/\/www.hotelalexis.cz\/wp-content\/uploads\/2022\/02\/snidane-hotel-alexis-praha-vinohrady-01.jpg\",\"contentUrl\":\"https:\/\/www.hotelalexis.cz\/wp-content\/uploads\/2022\/02\/snidane-hotel-alexis-praha-vinohrady-01.jpg\",\"width\":800,\"height\":532,\"caption\":\"Sn\u00eddan\u011b v Hotelu Alexis*** Praha (Vinohrady)\"},{\"@type\":\"WebPage\",\"@id\":\"https:\/\/www.hotelalexis.cz\/de\/fruehstueck\/#webpage\",\"url\":\"https:\/\/www.hotelalexis.cz\/de\/fruehstueck\/\",\"name\":\"Fr\u00fchst\u00fcck | Hotel Alexis Prag, Vinohrady\",\"isPartOf\":{\"@id\":\"https:\/\/www.hotelalexis.cz\/#website\"},\"primaryImageOfPage\":{\"@id\":\"https:\/\/www.hotelalexis.cz\/de\/fruehstueck\/#primaryimage\"},\"datePublished\":\"2022-02-23T10:01:38+00:00\",\"dateModified\":\"2024-05-28T16:30:20+00:00\",\"description\":\"Im Hotel Alexis in Vinohrady bereiten wir f\u00fcr Sie jeden Tag ein schmackhaftes Fr\u00fchst\u00fccksbuffet zu, das ebenfalls in Unterkunftspreisen inbegriffen ist.\",\"breadcrumb\":{\"@id\":\"https:\/\/www.hotelalexis.cz\/de\/fruehstueck\/#breadcrumb\"},\"inLanguage\":\"de-DE\",\"potentialAction\":[{\"@type\":\"ReadAction\",\"target\":[\"https:\/\/www.hotelalexis.cz\/de\/fruehstueck\/\"]}]},{\"@type\":\"BreadcrumbList\",\"@id\":\"https:\/\/www.hotelalexis.cz\/de\/fruehstueck\/#breadcrumb\",\"itemListElement\":[{\"@type\":\"ListItem\",\"position\":1,\"name\":\"Dom\u016f\",\"item\":\"https:\/\/www.hotelalexis.cz\/de\/\"},{\"@type\":\"ListItem\",\"position\":2,\"name\":\"Fr\u00fchst\u00fcck\"}]}]}<\/script>\n<!-- \/ Yoast SEO plugin. -->","yoast_head_json":{"title":"Fr\u00fchst\u00fcck | Hotel Alexis Prag, Vinohrady","description":"Im Hotel Alexis in Vinohrady bereiten wir f\u00fcr Sie jeden Tag ein schmackhaftes Fr\u00fchst\u00fccksbuffet zu, das ebenfalls in Unterkunftspreisen inbegriffen ist.","robots":{"index":"index","follow":"follow","max-snippet":"max-snippet:-1","max-image-preview":"max-image-preview:large","max-video-preview":"max-video-preview:-1"},"canonical":"https:\/\/www.hotelalexis.cz\/de\/fruehstueck\/","og_locale":"de_DE","og_type":"article","og_title":"Fr\u00fchst\u00fcck | Hotel Alexis Prag, Vinohrady","og_description":"Im Hotel Alexis in Vinohrady bereiten wir f\u00fcr Sie jeden Tag ein schmackhaftes Fr\u00fchst\u00fccksbuffet zu, das ebenfalls in Unterkunftspreisen inbegriffen ist.","og_url":"https:\/\/www.hotelalexis.cz\/de\/fruehstueck\/","og_site_name":"Hotel Alexis Praha | Stylov\u00fd hotel na Vinohradech","article_modified_time":"2024-05-28T16:30:20+00:00","og_image":[{"url":"https:\/\/www.hotelalexis.cz\/wp-content\/uploads\/2022\/02\/snidane-hotel-alexis-praha-vinohrady-01.jpg"}],"twitter_card":"summary_large_image","twitter_misc":{"Gesch\u00e4tzte Lesezeit":"2 Minuten"},"schema":{"@context":"https:\/\/schema.org","@graph":[{"@type":"Organization","@id":"https:\/\/www.hotelalexis.cz\/#organization","name":"Hotel Alexis*** Praha","url":"https:\/\/www.hotelalexis.cz\/","sameAs":[],"logo":{"@type":"ImageObject","@id":"https:\/\/www.hotelalexis.cz\/#logo","inLanguage":"de-DE","url":"https:\/\/www.hotelalexis.cz\/wp-content\/uploads\/2022\/02\/hotel-alexis-praha-logo.png","contentUrl":"https:\/\/www.hotelalexis.cz\/wp-content\/uploads\/2022\/02\/hotel-alexis-praha-logo.png","width":220,"height":220,"caption":"Hotel Alexis*** Praha"},"image":{"@id":"https:\/\/www.hotelalexis.cz\/#logo"}},{"@type":"WebSite","@id":"https:\/\/www.hotelalexis.cz\/#website","url":"https:\/\/www.hotelalexis.cz\/","name":"Hotel Alexis Praha | Stylov\u00fd hotel na Vinohradech","description":"","publisher":{"@id":"https:\/\/www.hotelalexis.cz\/#organization"},"potentialAction":[{"@type":"SearchAction","target":{"@type":"EntryPoint","urlTemplate":"https:\/\/www.hotelalexis.cz\/?s={search_term_string}"},"query-input":"required name=search_term_string"}],"inLanguage":"de-DE"},{"@type":"ImageObject","@id":"https:\/\/www.hotelalexis.cz\/de\/fruehstueck\/#primaryimage","inLanguage":"de-DE","url":"https:\/\/www.hotelalexis.cz\/wp-content\/uploads\/2022\/02\/snidane-hotel-alexis-praha-vinohrady-01.jpg","contentUrl":"https:\/\/www.hotelalexis.cz\/wp-content\/uploads\/2022\/02\/snidane-hotel-alexis-praha-vinohrady-01.jpg","width":800,"height":532,"caption":"Sn\u00eddan\u011b v Hotelu Alexis*** Praha (Vinohrady)"},{"@type":"WebPage","@id":"https:\/\/www.hotelalexis.cz\/de\/fruehstueck\/#webpage","url":"https:\/\/www.hotelalexis.cz\/de\/fruehstueck\/","name":"Fr\u00fchst\u00fcck | Hotel Alexis Prag, Vinohrady","isPartOf":{"@id":"https:\/\/www.hotelalexis.cz\/#website"},"primaryImageOfPage":{"@id":"https:\/\/www.hotelalexis.cz\/de\/fruehstueck\/#primaryimage"},"datePublished":"2022-02-23T10:01:38+00:00","dateModified":"2024-05-28T16:30:20+00:00","description":"Im Hotel Alexis in Vinohrady bereiten wir f\u00fcr Sie jeden Tag ein schmackhaftes Fr\u00fchst\u00fccksbuffet zu, das ebenfalls in Unterkunftspreisen inbegriffen ist.","breadcrumb":{"@id":"https:\/\/www.hotelalexis.cz\/de\/fruehstueck\/#breadcrumb"},"inLanguage":"de-DE","potentialAction":[{"@type":"ReadAction","target":["https:\/\/www.hotelalexis.cz\/de\/fruehstueck\/"]}]},{"@type":"BreadcrumbList","@id":"https:\/\/www.hotelalexis.cz\/de\/fruehstueck\/#breadcrumb","itemListElement":[{"@type":"ListItem","position":1,"name":"Dom\u016f","item":"https:\/\/www.hotelalexis.cz\/de\/"},{"@type":"ListItem","position":2,"name":"Fr\u00fchst\u00fcck"}]}]}},"_links":{"self":[{"href":"https:\/\/www.hotelalexis.cz\/de\/wp-json\/wp\/v2\/pages\/7035"}],"collection":[{"href":"https:\/\/www.hotelalexis.cz\/de\/wp-json\/wp\/v2\/pages"}],"about":[{"href":"https:\/\/www.hotelalexis.cz\/de\/wp-json\/wp\/v2\/types\/page"}],"author":[{"embeddable":true,"href":"https:\/\/www.hotelalexis.cz\/de\/wp-json\/wp\/v2\/users\/1"}],"replies":[{"embeddable":true,"href":"https:\/\/www.hotelalexis.cz\/de\/wp-json\/wp\/v2\/comments?post=7035"}],"version-history":[{"count":24,"href":"https:\/\/www.hotelalexis.cz\/de\/wp-json\/wp\/v2\/pages\/7035\/revisions"}],"predecessor-version":[{"id":7460,"href":"https:\/\/www.hotelalexis.cz\/de\/wp-json\/wp\/v2\/pages\/7035\/revisions\/7460"}],"wp:attachment":[{"href":"https:\/\/www.hotelalexis.cz\/de\/wp-json\/wp\/v2\/media?parent=7035"}],"curies":[{"name":"wp","href":"https:\/\/api.w.org\/{rel}","templated":true}]}}