{"id":6957,"date":"2020-03-31T13:25:00","date_gmt":"2020-03-31T11:25:00","guid":{"rendered":"https:\/\/www.hotelalexis.cz\/kontakt\/"},"modified":"2026-01-22T15:27:11","modified_gmt":"2026-01-22T14:27:11","slug":"kontakt","status":"publish","type":"page","link":"https:\/\/www.hotelalexis.cz\/de\/kontakt\/","title":{"rendered":"Kontakt"},"content":{"rendered":"\t\t<div data-elementor-type=\"wp-page\" data-elementor-id=\"6957\" class=\"elementor elementor-6957 elementor-2531\" data-elementor-settings=\"[]\">\n\t\t\t\t\t\t\t<div class=\"elementor-section-wrap\">\n\t\t\t\t\t\t\t<section class=\"elementor-section elementor-top-section elementor-element elementor-element-5041375 elementor-section-boxed elementor-section-height-default elementor-section-height-default qodef-elementor-content-no\" data-id=\"5041375\" data-element_type=\"section\">\n\t\t\t\t\t\t<div class=\"elementor-container elementor-column-gap-default\">\n\t\t\t\t\t<div class=\"elementor-column elementor-col-100 elementor-top-column elementor-element elementor-element-3c77246\" data-id=\"3c77246\" data-element_type=\"column\">\n\t\t\t<div class=\"elementor-widget-wrap elementor-element-populated\">\n\t\t\t\t\t\t\t\t<div class=\"elementor-element elementor-element-cdd3dd3 elementor-widget elementor-widget-spacer\" data-id=\"cdd3dd3\" data-element_type=\"widget\" data-widget_type=\"spacer.default\">\n\t\t\t\t<div class=\"elementor-widget-container\">\n\t\t\t\t\t<div class=\"elementor-spacer\">\n\t\t\t<div class=\"elementor-spacer-inner\"><\/div>\n\t\t<\/div>\n\t\t\t\t<\/div>\n\t\t\t\t<\/div>\n\t\t\t\t\t<\/div>\n\t\t<\/div>\n\t\t\t\t\t\t\t<\/div>\n\t\t<\/section>\n\t\t\t\t<section class=\"elementor-section elementor-top-section elementor-element elementor-element-e8c56b4 elementor-section-boxed elementor-section-height-default elementor-section-height-default qodef-elementor-content-no\" data-id=\"e8c56b4\" data-element_type=\"section\">\n\t\t\t\t\t\t<div class=\"elementor-container elementor-column-gap-default\">\n\t\t\t\t\t<div class=\"elementor-column elementor-col-50 elementor-top-column elementor-element elementor-element-9c0274e\" data-id=\"9c0274e\" data-element_type=\"column\">\n\t\t\t<div class=\"elementor-widget-wrap elementor-element-populated\">\n\t\t\t\t\t\t\t\t<div class=\"elementor-element elementor-element-a8145ee elementor-widget elementor-widget-text-editor\" data-id=\"a8145ee\" data-element_type=\"widget\" data-widget_type=\"text-editor.default\">\n\t\t\t\t<div class=\"elementor-widget-container\">\n\t\t\t<style>\/*! elementor - v3.5.5 - 03-02-2022 *\/\n.elementor-widget-text-editor.elementor-drop-cap-view-stacked .elementor-drop-cap{background-color:#818a91;color:#fff}.elementor-widget-text-editor.elementor-drop-cap-view-framed .elementor-drop-cap{color:#818a91;border:3px solid;background-color:transparent}.elementor-widget-text-editor:not(.elementor-drop-cap-view-default) .elementor-drop-cap{margin-top:8px}.elementor-widget-text-editor:not(.elementor-drop-cap-view-default) .elementor-drop-cap-letter{width:1em;height:1em}.elementor-widget-text-editor .elementor-drop-cap{float:left;text-align:center;line-height:1;font-size:50px}.elementor-widget-text-editor .elementor-drop-cap-letter{display:inline-block}<\/style>\t\t\t\t<p><b>Telefon<\/b>:&nbsp;<a href=\"tel:+420-604-994-970\">+420 604 994 970<\/a><br><b>E-Mail<\/b>:&nbsp;<a href=\"mailto:info@hotelalexis.cz\">info@hotelalexis.cz<\/a><\/p>\t\t\t\t\t\t<\/div>\n\t\t\t\t<\/div>\n\t\t\t\t<div class=\"elementor-element elementor-element-67af33a elementor-widget elementor-widget-text-editor\" data-id=\"67af33a\" data-element_type=\"widget\" data-widget_type=\"text-editor.default\">\n\t\t\t\t<div class=\"elementor-widget-container\">\n\t\t\t\t\t\t\t<p>Haben Sie eine allgemeine Frage zur Unterkunft in Hotel Alexis? Siehe auch <a href=\"\/de\/unterkunft\/haeufig-gestellte-fragen\/\" target=\"_blank\" rel=\"noopener\"><strong>H\u00c4UFIG GESTELLTE FRAGEN<\/strong>.<\/a><\/p><div><h4><strong>Hotel Alexis<\/strong><\/h4><div>Z\u00e1vi\u0161ova 2518\/20<\/div><div>140 00 Prag 4 &#8211; Vinohrady<\/div><div>Tschechien<\/div><div>GPS: 50.0673181N, 14.4374228E<\/div><p>Telefon: +420 604 994 970<br \/><span style=\"color: var( --e-global-color-text );\">E-mail: <\/span><a href=\"mailto:info@hotelalexis.cz\">info@hotelalexis.cz<\/a><br \/><span style=\"color: var( --e-global-color-text );\">Webseite: <\/span><a href=\"http:\/\/www.hotelalexis.cz\/\">www.hotelalexis.cz<\/a><\/p><p>Unser Hotel befindet sich im Stadtviertel Vinohrady, an der Ecke der Stra\u00dfen <em>Z\u00e1vi\u0161ova<\/em> und <em>B\u011blehradsk\u00e1 <\/em>und in der N\u00e4he des historischen Zentrum Prags. Von uns erreichen Sie den Wenzelsplatz zu Fu\u00df in 20 Minuten (oder in 10 Minuten mit der Stra\u00dfenbahn Nr. 6 von der Station <em>Nuselsk\u00e9 schody<\/em>).<\/p><p><strong>Weg vom V\u00e1clav-Havel-Flughafen<\/strong><\/p><ol><li>Vom Flughafen mit dem Obus Nr. 59 bis zur Station <em>N\u00e1dra\u017e\u00ed Veleslav\u00edn<\/em><\/li><li>Von der U-Bahn-Station <em>N\u00e1dra\u017e\u00ed Veleslav\u00edn<\/em> fahren Sie zur Station <i>N\u00e1m\u011bst\u00ed M\u00edru (g<\/i>r\u00fcne Linie A)<\/li><li>Steigen Sie in die Stra\u00dfenbahn Nr. 11 um und fahren Sie zur Station <em>Nuselsk\u00e9 schody.<\/em><\/li><li>Ca. 2 Minuten zu Fu\u00df weiter in Richtung der Stra\u00dfenbahn, hinter der Eisenbahnbr\u00fccke und auf der rechten Seite sehen Sie schon Hotel Alexis<\/li><\/ol><p><strong>Hotelbetreiber<\/strong><br \/>&#8211; Cygnet s.r.o., Z\u00e1vi\u0161ova 66\/13, Vinohrady (Praha 4), 140 00 Prag, Tschechien, I\u010c: 25657801, DI\u010c: CZ25657801<br \/>&#8211; juristische Person, eingetragen seit dem 7.4.1998 im Handelsregister des Stadtgerichts in Prag, Aktenzeichen C58752<\/p><\/div>\t\t\t\t\t\t<\/div>\n\t\t\t\t<\/div>\n\t\t\t\t\t<\/div>\n\t\t<\/div>\n\t\t\t\t<div class=\"elementor-column elementor-col-50 elementor-top-column elementor-element elementor-element-7192320\" data-id=\"7192320\" data-element_type=\"column\">\n\t\t\t<div class=\"elementor-widget-wrap elementor-element-populated\">\n\t\t\t\t\t\t\t\t<div class=\"elementor-element elementor-element-6f34b5a elementor-widget elementor-widget-image\" data-id=\"6f34b5a\" data-element_type=\"widget\" data-widget_type=\"image.default\">\n\t\t\t\t<div class=\"elementor-widget-container\">\n\t\t\t<style>\/*! elementor - v3.5.5 - 03-02-2022 *\/\n.elementor-widget-image{text-align:center}.elementor-widget-image a{display:inline-block}.elementor-widget-image a img[src$=\".svg\"]{width:48px}.elementor-widget-image img{vertical-align:middle;display:inline-block}<\/style>\t\t\t\t\t\t\t\t\t\t\t\t<img width=\"519\" height=\"479\" src=\"https:\/\/www.hotelalexis.cz\/wp-content\/uploads\/2022\/02\/recepce-hotel-alexis-praha.jpg\" class=\"attachment-medium_large size-medium_large\" alt=\"Recepce Hotelu Alexis Praha (Vinohrady)\" loading=\"lazy\" srcset=\"https:\/\/www.hotelalexis.cz\/wp-content\/uploads\/2022\/02\/recepce-hotel-alexis-praha.jpg 519w, https:\/\/www.hotelalexis.cz\/wp-content\/uploads\/2022\/02\/recepce-hotel-alexis-praha-300x277.jpg 300w\" sizes=\"(max-width: 519px) 100vw, 519px\" \/>\t\t\t\t\t\t\t\t\t\t\t\t\t\t\t<\/div>\n\t\t\t\t<\/div>\n\t\t\t\t<div class=\"elementor-element elementor-element-f640cf5 elementor-widget elementor-widget-google_maps\" data-id=\"f640cf5\" data-element_type=\"widget\" data-widget_type=\"google_maps.default\">\n\t\t\t\t<div class=\"elementor-widget-container\">\n\t\t\t<style>\/*! elementor - v3.5.5 - 03-02-2022 *\/\n.elementor-widget-google_maps .elementor-widget-container{overflow:hidden}.elementor-widget-google_maps iframe{height:300px}<\/style>\t\t<div class=\"elementor-custom-embed\">\n\t\t\t<iframe frameborder=\"0\" scrolling=\"no\" marginheight=\"0\" marginwidth=\"0\"\n\t\t\t\t\tsrc=\"https:\/\/maps.google.com\/maps?q=Hotel%20Alexis%2C%20Praha&#038;t=m&#038;z=12&#038;output=embed&#038;iwloc=near\"\n\t\t\t\t\ttitle=\"Hotel Alexis, Praha\"\n\t\t\t\t\taria-label=\"Hotel Alexis, Praha\"\n\t\t\t><\/iframe>\n\t\t<\/div>\n\t\t\t\t<\/div>\n\t\t\t\t<\/div>\n\t\t\t\t\t<\/div>\n\t\t<\/div>\n\t\t\t\t\t\t\t<\/div>\n\t\t<\/section>\n\t\t\t\t<section class=\"elementor-section elementor-top-section elementor-element elementor-element-55288a2 elementor-section-boxed elementor-section-height-default elementor-section-height-default qodef-elementor-content-no\" data-id=\"55288a2\" data-element_type=\"section\">\n\t\t\t\t\t\t<div class=\"elementor-container elementor-column-gap-default\">\n\t\t\t\t\t<div class=\"elementor-column elementor-col-100 elementor-top-column elementor-element elementor-element-943f298\" data-id=\"943f298\" data-element_type=\"column\">\n\t\t\t<div class=\"elementor-widget-wrap elementor-element-populated\">\n\t\t\t\t\t\t\t\t<div class=\"elementor-element elementor-element-49bb941 elementor-widget elementor-widget-spacer\" data-id=\"49bb941\" data-element_type=\"widget\" data-widget_type=\"spacer.default\">\n\t\t\t\t<div class=\"elementor-widget-container\">\n\t\t\t\t\t<div class=\"elementor-spacer\">\n\t\t\t<div class=\"elementor-spacer-inner\"><\/div>\n\t\t<\/div>\n\t\t\t\t<\/div>\n\t\t\t\t<\/div>\n\t\t\t\t\t<\/div>\n\t\t<\/div>\n\t\t\t\t\t\t\t<\/div>\n\t\t<\/section>\n\t\t\t\t\t\t<\/div>\n\t\t\t\t\t<\/div>\n\t\t","protected":false},"excerpt":{"rendered":"<p>Telefon:&nbsp;+420 604 994 970E-Mail:&nbsp;info@hotelalexis.cz Haben Sie eine allgemeine Frage zur Unterkunft in Hotel Alexis? Siehe auch H\u00c4UFIG GESTELLTE FRAGEN. Hotel Alexis Z\u00e1vi\u0161ova 2518\/20140 00 Prag 4 &#8211; VinohradyTschechienGPS: 50.0673181N, 14.4374228E Telefon: +420 604 994 970E-mail: info@hotelalexis.czWebseite: www.hotelalexis.cz Unser Hotel befindet sich im Stadtviertel Vinohrady, an der Ecke der Stra\u00dfen Z\u00e1vi\u0161ova und B\u011blehradsk\u00e1 und in der [&hellip;]<\/p>\n","protected":false},"author":1,"featured_media":0,"parent":0,"menu_order":0,"comment_status":"closed","ping_status":"closed","template":"page-full-width.php","meta":[],"yoast_head":"<!-- This site is optimized with the Yoast SEO plugin v18.2 - https:\/\/yoast.com\/wordpress\/plugins\/seo\/ -->\n<title>Kontakt | Hotel Alexis Prag, Vinohrady<\/title>\n<meta name=\"description\" content=\"Kontaktieren Sie die Rezeption des Hotels Alexis Prag, buchen Sie Ihre Unterkunft in Vinohrady oder fragen Sie einfach nach unseren Dienstleistungen.\" \/>\n<meta name=\"robots\" content=\"index, follow, max-snippet:-1, max-image-preview:large, max-video-preview:-1\" \/>\n<link rel=\"canonical\" href=\"https:\/\/www.hotelalexis.cz\/de\/kontakt\/\" \/>\n<meta property=\"og:locale\" content=\"de_DE\" \/>\n<meta property=\"og:type\" content=\"article\" \/>\n<meta property=\"og:title\" content=\"Kontakt | Hotel Alexis Prag, Vinohrady\" \/>\n<meta property=\"og:description\" content=\"Kontaktieren Sie die Rezeption des Hotels Alexis Prag, buchen Sie Ihre Unterkunft in Vinohrady oder fragen Sie einfach nach unseren Dienstleistungen.\" \/>\n<meta property=\"og:url\" content=\"https:\/\/www.hotelalexis.cz\/de\/kontakt\/\" \/>\n<meta property=\"og:site_name\" content=\"Hotel Alexis Praha | Stylov\u00fd hotel na Vinohradech\" \/>\n<meta property=\"article:modified_time\" content=\"2026-01-22T14:27:11+00:00\" \/>\n<meta property=\"og:image\" content=\"https:\/\/www.hotelalexis.cz\/wp-content\/uploads\/2022\/02\/recepce-hotel-alexis-praha.jpg\" \/>\n<meta name=\"twitter:card\" content=\"summary_large_image\" \/>\n<meta name=\"twitter:label1\" content=\"Gesch\u00e4tzte Lesezeit\" \/>\n\t<meta name=\"twitter:data1\" content=\"2 Minuten\" \/>\n<script type=\"application\/ld+json\" class=\"yoast-schema-graph\">{\"@context\":\"https:\/\/schema.org\",\"@graph\":[{\"@type\":\"Organization\",\"@id\":\"https:\/\/www.hotelalexis.cz\/#organization\",\"name\":\"Hotel Alexis*** Praha\",\"url\":\"https:\/\/www.hotelalexis.cz\/\",\"sameAs\":[],\"logo\":{\"@type\":\"ImageObject\",\"@id\":\"https:\/\/www.hotelalexis.cz\/#logo\",\"inLanguage\":\"de-DE\",\"url\":\"https:\/\/www.hotelalexis.cz\/wp-content\/uploads\/2022\/02\/hotel-alexis-praha-logo.png\",\"contentUrl\":\"https:\/\/www.hotelalexis.cz\/wp-content\/uploads\/2022\/02\/hotel-alexis-praha-logo.png\",\"width\":220,\"height\":220,\"caption\":\"Hotel Alexis*** Praha\"},\"image\":{\"@id\":\"https:\/\/www.hotelalexis.cz\/#logo\"}},{\"@type\":\"WebSite\",\"@id\":\"https:\/\/www.hotelalexis.cz\/#website\",\"url\":\"https:\/\/www.hotelalexis.cz\/\",\"name\":\"Hotel Alexis Praha | Stylov\u00fd hotel na Vinohradech\",\"description\":\"\",\"publisher\":{\"@id\":\"https:\/\/www.hotelalexis.cz\/#organization\"},\"potentialAction\":[{\"@type\":\"SearchAction\",\"target\":{\"@type\":\"EntryPoint\",\"urlTemplate\":\"https:\/\/www.hotelalexis.cz\/?s={search_term_string}\"},\"query-input\":\"required name=search_term_string\"}],\"inLanguage\":\"de-DE\"},{\"@type\":\"ImageObject\",\"@id\":\"https:\/\/www.hotelalexis.cz\/de\/kontakt\/#primaryimage\",\"inLanguage\":\"de-DE\",\"url\":\"https:\/\/www.hotelalexis.cz\/wp-content\/uploads\/2022\/02\/recepce-hotel-alexis-praha.jpg\",\"contentUrl\":\"https:\/\/www.hotelalexis.cz\/wp-content\/uploads\/2022\/02\/recepce-hotel-alexis-praha.jpg\",\"width\":519,\"height\":479,\"caption\":\"Recepce Hotelu Alexis Praha (Vinohrady)\"},{\"@type\":\"WebPage\",\"@id\":\"https:\/\/www.hotelalexis.cz\/de\/kontakt\/#webpage\",\"url\":\"https:\/\/www.hotelalexis.cz\/de\/kontakt\/\",\"name\":\"Kontakt | Hotel Alexis Prag, Vinohrady\",\"isPartOf\":{\"@id\":\"https:\/\/www.hotelalexis.cz\/#website\"},\"primaryImageOfPage\":{\"@id\":\"https:\/\/www.hotelalexis.cz\/de\/kontakt\/#primaryimage\"},\"datePublished\":\"2020-03-31T11:25:00+00:00\",\"dateModified\":\"2026-01-22T14:27:11+00:00\",\"description\":\"Kontaktieren Sie die Rezeption des Hotels Alexis Prag, buchen Sie Ihre Unterkunft in Vinohrady oder fragen Sie einfach nach unseren Dienstleistungen.\",\"breadcrumb\":{\"@id\":\"https:\/\/www.hotelalexis.cz\/de\/kontakt\/#breadcrumb\"},\"inLanguage\":\"de-DE\",\"potentialAction\":[{\"@type\":\"ReadAction\",\"target\":[\"https:\/\/www.hotelalexis.cz\/de\/kontakt\/\"]}]},{\"@type\":\"BreadcrumbList\",\"@id\":\"https:\/\/www.hotelalexis.cz\/de\/kontakt\/#breadcrumb\",\"itemListElement\":[{\"@type\":\"ListItem\",\"position\":1,\"name\":\"Dom\u016f\",\"item\":\"https:\/\/www.hotelalexis.cz\/de\/\"},{\"@type\":\"ListItem\",\"position\":2,\"name\":\"Kontakt\"}]}]}<\/script>\n<!-- \/ Yoast SEO plugin. -->","yoast_head_json":{"title":"Kontakt | Hotel Alexis Prag, Vinohrady","description":"Kontaktieren Sie die Rezeption des Hotels Alexis Prag, buchen Sie Ihre Unterkunft in Vinohrady oder fragen Sie einfach nach unseren Dienstleistungen.","robots":{"index":"index","follow":"follow","max-snippet":"max-snippet:-1","max-image-preview":"max-image-preview:large","max-video-preview":"max-video-preview:-1"},"canonical":"https:\/\/www.hotelalexis.cz\/de\/kontakt\/","og_locale":"de_DE","og_type":"article","og_title":"Kontakt | Hotel Alexis Prag, Vinohrady","og_description":"Kontaktieren Sie die Rezeption des Hotels Alexis Prag, buchen Sie Ihre Unterkunft in Vinohrady oder fragen Sie einfach nach unseren Dienstleistungen.","og_url":"https:\/\/www.hotelalexis.cz\/de\/kontakt\/","og_site_name":"Hotel Alexis Praha | Stylov\u00fd hotel na Vinohradech","article_modified_time":"2026-01-22T14:27:11+00:00","og_image":[{"url":"https:\/\/www.hotelalexis.cz\/wp-content\/uploads\/2022\/02\/recepce-hotel-alexis-praha.jpg"}],"twitter_card":"summary_large_image","twitter_misc":{"Gesch\u00e4tzte Lesezeit":"2 Minuten"},"schema":{"@context":"https:\/\/schema.org","@graph":[{"@type":"Organization","@id":"https:\/\/www.hotelalexis.cz\/#organization","name":"Hotel Alexis*** Praha","url":"https:\/\/www.hotelalexis.cz\/","sameAs":[],"logo":{"@type":"ImageObject","@id":"https:\/\/www.hotelalexis.cz\/#logo","inLanguage":"de-DE","url":"https:\/\/www.hotelalexis.cz\/wp-content\/uploads\/2022\/02\/hotel-alexis-praha-logo.png","contentUrl":"https:\/\/www.hotelalexis.cz\/wp-content\/uploads\/2022\/02\/hotel-alexis-praha-logo.png","width":220,"height":220,"caption":"Hotel Alexis*** Praha"},"image":{"@id":"https:\/\/www.hotelalexis.cz\/#logo"}},{"@type":"WebSite","@id":"https:\/\/www.hotelalexis.cz\/#website","url":"https:\/\/www.hotelalexis.cz\/","name":"Hotel Alexis Praha | Stylov\u00fd hotel na Vinohradech","description":"","publisher":{"@id":"https:\/\/www.hotelalexis.cz\/#organization"},"potentialAction":[{"@type":"SearchAction","target":{"@type":"EntryPoint","urlTemplate":"https:\/\/www.hotelalexis.cz\/?s={search_term_string}"},"query-input":"required name=search_term_string"}],"inLanguage":"de-DE"},{"@type":"ImageObject","@id":"https:\/\/www.hotelalexis.cz\/de\/kontakt\/#primaryimage","inLanguage":"de-DE","url":"https:\/\/www.hotelalexis.cz\/wp-content\/uploads\/2022\/02\/recepce-hotel-alexis-praha.jpg","contentUrl":"https:\/\/www.hotelalexis.cz\/wp-content\/uploads\/2022\/02\/recepce-hotel-alexis-praha.jpg","width":519,"height":479,"caption":"Recepce Hotelu Alexis Praha (Vinohrady)"},{"@type":"WebPage","@id":"https:\/\/www.hotelalexis.cz\/de\/kontakt\/#webpage","url":"https:\/\/www.hotelalexis.cz\/de\/kontakt\/","name":"Kontakt | Hotel Alexis Prag, Vinohrady","isPartOf":{"@id":"https:\/\/www.hotelalexis.cz\/#website"},"primaryImageOfPage":{"@id":"https:\/\/www.hotelalexis.cz\/de\/kontakt\/#primaryimage"},"datePublished":"2020-03-31T11:25:00+00:00","dateModified":"2026-01-22T14:27:11+00:00","description":"Kontaktieren Sie die Rezeption des Hotels Alexis Prag, buchen Sie Ihre Unterkunft in Vinohrady oder fragen Sie einfach nach unseren Dienstleistungen.","breadcrumb":{"@id":"https:\/\/www.hotelalexis.cz\/de\/kontakt\/#breadcrumb"},"inLanguage":"de-DE","potentialAction":[{"@type":"ReadAction","target":["https:\/\/www.hotelalexis.cz\/de\/kontakt\/"]}]},{"@type":"BreadcrumbList","@id":"https:\/\/www.hotelalexis.cz\/de\/kontakt\/#breadcrumb","itemListElement":[{"@type":"ListItem","position":1,"name":"Dom\u016f","item":"https:\/\/www.hotelalexis.cz\/de\/"},{"@type":"ListItem","position":2,"name":"Kontakt"}]}]}},"_links":{"self":[{"href":"https:\/\/www.hotelalexis.cz\/de\/wp-json\/wp\/v2\/pages\/6957"}],"collection":[{"href":"https:\/\/www.hotelalexis.cz\/de\/wp-json\/wp\/v2\/pages"}],"about":[{"href":"https:\/\/www.hotelalexis.cz\/de\/wp-json\/wp\/v2\/types\/page"}],"author":[{"embeddable":true,"href":"https:\/\/www.hotelalexis.cz\/de\/wp-json\/wp\/v2\/users\/1"}],"replies":[{"embeddable":true,"href":"https:\/\/www.hotelalexis.cz\/de\/wp-json\/wp\/v2\/comments?post=6957"}],"version-history":[{"count":42,"href":"https:\/\/www.hotelalexis.cz\/de\/wp-json\/wp\/v2\/pages\/6957\/revisions"}],"predecessor-version":[{"id":8075,"href":"https:\/\/www.hotelalexis.cz\/de\/wp-json\/wp\/v2\/pages\/6957\/revisions\/8075"}],"wp:attachment":[{"href":"https:\/\/www.hotelalexis.cz\/de\/wp-json\/wp\/v2\/media?parent=6957"}],"curies":[{"name":"wp","href":"https:\/\/api.w.org\/{rel}","templated":true}]}}