{"id":6947,"date":"2022-02-18T18:26:44","date_gmt":"2022-02-18T17:26:44","guid":{"rendered":"https:\/\/www.hotelalexis.cz\/buchung\/"},"modified":"2024-11-04T13:59:29","modified_gmt":"2024-11-04T12:59:29","slug":"buchung","status":"publish","type":"page","link":"https:\/\/www.hotelalexis.cz\/de\/buchung\/","title":{"rendered":"Buchung"},"content":{"rendered":"\t\t<div data-elementor-type=\"wp-page\" data-elementor-id=\"6947\" class=\"elementor elementor-6947 elementor-5044\" data-elementor-settings=\"[]\">\n\t\t\t\t\t\t\t<div class=\"elementor-section-wrap\">\n\t\t\t\t\t\t\t<section class=\"elementor-section elementor-top-section elementor-element elementor-element-89d494d elementor-section-full_width qodef-elementor-content-grid elementor-section-height-default elementor-section-height-default\" data-id=\"89d494d\" data-element_type=\"section\">\n\t\t\t\t\t\t<div class=\"elementor-container elementor-column-gap-no\">\n\t\t\t\t\t<div class=\"elementor-column elementor-col-100 elementor-top-column elementor-element elementor-element-f0df83e\" data-id=\"f0df83e\" data-element_type=\"column\">\n\t\t\t<div class=\"elementor-widget-wrap elementor-element-populated\">\n\t\t\t\t\t\t\t\t<div class=\"elementor-element elementor-element-aeab3c2 elementor-widget elementor-widget-text-editor\" data-id=\"aeab3c2\" data-element_type=\"widget\" data-widget_type=\"text-editor.default\">\n\t\t\t\t<div class=\"elementor-widget-container\">\n\t\t\t<style>\/*! elementor - v3.5.5 - 03-02-2022 *\/\n.elementor-widget-text-editor.elementor-drop-cap-view-stacked .elementor-drop-cap{background-color:#818a91;color:#fff}.elementor-widget-text-editor.elementor-drop-cap-view-framed .elementor-drop-cap{color:#818a91;border:3px solid;background-color:transparent}.elementor-widget-text-editor:not(.elementor-drop-cap-view-default) .elementor-drop-cap{margin-top:8px}.elementor-widget-text-editor:not(.elementor-drop-cap-view-default) .elementor-drop-cap-letter{width:1em;height:1em}.elementor-widget-text-editor .elementor-drop-cap{float:left;text-align:center;line-height:1;font-size:50px}.elementor-widget-text-editor .elementor-drop-cap-letter{display:inline-block}<\/style>\t\t\t\t<p>Brauchen Sie Hilfe? Wenden Sie sich an die Hotelrezeption:<br \/>Telefon: <strong>+420 604 994 970<\/strong>\u00a0, E-Mail: <strong>info@hotelalexis.cz<\/strong><\/p>\t\t\t\t\t\t<\/div>\n\t\t\t\t<\/div>\n\t\t\t\t<div class=\"elementor-element elementor-element-5fecec8 elementor-widget elementor-widget-html\" data-id=\"5fecec8\" data-element_type=\"widget\" data-widget_type=\"html.default\">\n\t\t\t\t<div class=\"elementor-widget-container\">\n\t\t\t<!-- Reservation PLUS start --> \r\n\r\n<script type=\"text\/javascript\" src=\"https:\/\/booking.previo.cz\/iframe\/\"><\/script> \r\n\r\n<iframe loading=\"lazy\" src=\"https:\/\/booking.previo.cz\/?hotId=29878&amp;lang=de&amp;guestFilter=1\" lang=\"de\" scrolling=\"no\" frameborder=\"0\" width=\"100%\" height=\"2000\" name=\"previo-booking-iframe\" id=\"previo-booking-iframe\" allowTransparency=\"true\"><\/iframe> \r\n\r\n<!-- Reservation PLUS end --> \t\t<\/div>\n\t\t\t\t<\/div>\n\t\t\t\t\t<\/div>\n\t\t<\/div>\n\t\t\t\t\t\t\t<\/div>\n\t\t<\/section>\n\t\t\t\t\t\t<\/div>\n\t\t\t\t\t<\/div>\n\t\t","protected":false},"excerpt":{"rendered":"<p>Brauchen Sie Hilfe? Wenden Sie sich an die Hotelrezeption:Telefon: +420 604 994 970\u00a0, E-Mail: info@hotelalexis.cz<\/p>\n","protected":false},"author":1,"featured_media":0,"parent":0,"menu_order":0,"comment_status":"closed","ping_status":"closed","template":"page-full-width.php","meta":[],"yoast_head":"<!-- This site is optimized with the Yoast SEO plugin v18.2 - https:\/\/yoast.com\/wordpress\/plugins\/seo\/ -->\n<title>Buchung | Hotel Alexis Prag, Vinohrady<\/title>\n<meta name=\"description\" content=\"Buchen Sie moderne Unterkunft in Vinohrady zu einem vern\u00fcnftigen Preis. In der N\u00e4he von Vy\u0161ehrad und dem historischen Zentrum Prags.\" \/>\n<meta name=\"robots\" content=\"index, follow, max-snippet:-1, max-image-preview:large, max-video-preview:-1\" \/>\n<link rel=\"canonical\" href=\"https:\/\/www.hotelalexis.cz\/de\/buchung\/\" \/>\n<meta property=\"og:locale\" content=\"de_DE\" \/>\n<meta property=\"og:type\" content=\"article\" \/>\n<meta property=\"og:title\" content=\"Buchung | Hotel Alexis Prag, Vinohrady\" \/>\n<meta property=\"og:description\" content=\"Buchen Sie moderne Unterkunft in Vinohrady zu einem vern\u00fcnftigen Preis. In der N\u00e4he von Vy\u0161ehrad und dem historischen Zentrum Prags.\" \/>\n<meta property=\"og:url\" content=\"https:\/\/www.hotelalexis.cz\/de\/buchung\/\" \/>\n<meta property=\"og:site_name\" content=\"Hotel Alexis Praha | Stylov\u00fd hotel na Vinohradech\" \/>\n<meta property=\"article:modified_time\" content=\"2024-11-04T12:59:29+00:00\" \/>\n<meta name=\"twitter:card\" content=\"summary_large_image\" \/>\n<meta name=\"twitter:label1\" content=\"Gesch\u00e4tzte Lesezeit\" \/>\n\t<meta name=\"twitter:data1\" content=\"1 Minute\" \/>\n<script type=\"application\/ld+json\" class=\"yoast-schema-graph\">{\"@context\":\"https:\/\/schema.org\",\"@graph\":[{\"@type\":\"Organization\",\"@id\":\"https:\/\/www.hotelalexis.cz\/#organization\",\"name\":\"Hotel Alexis*** Praha\",\"url\":\"https:\/\/www.hotelalexis.cz\/\",\"sameAs\":[],\"logo\":{\"@type\":\"ImageObject\",\"@id\":\"https:\/\/www.hotelalexis.cz\/#logo\",\"inLanguage\":\"de-DE\",\"url\":\"https:\/\/www.hotelalexis.cz\/wp-content\/uploads\/2022\/02\/hotel-alexis-praha-logo.png\",\"contentUrl\":\"https:\/\/www.hotelalexis.cz\/wp-content\/uploads\/2022\/02\/hotel-alexis-praha-logo.png\",\"width\":220,\"height\":220,\"caption\":\"Hotel Alexis*** Praha\"},\"image\":{\"@id\":\"https:\/\/www.hotelalexis.cz\/#logo\"}},{\"@type\":\"WebSite\",\"@id\":\"https:\/\/www.hotelalexis.cz\/#website\",\"url\":\"https:\/\/www.hotelalexis.cz\/\",\"name\":\"Hotel Alexis Praha | Stylov\u00fd hotel na Vinohradech\",\"description\":\"\",\"publisher\":{\"@id\":\"https:\/\/www.hotelalexis.cz\/#organization\"},\"potentialAction\":[{\"@type\":\"SearchAction\",\"target\":{\"@type\":\"EntryPoint\",\"urlTemplate\":\"https:\/\/www.hotelalexis.cz\/?s={search_term_string}\"},\"query-input\":\"required name=search_term_string\"}],\"inLanguage\":\"de-DE\"},{\"@type\":\"WebPage\",\"@id\":\"https:\/\/www.hotelalexis.cz\/de\/buchung\/#webpage\",\"url\":\"https:\/\/www.hotelalexis.cz\/de\/buchung\/\",\"name\":\"Buchung | Hotel Alexis Prag, Vinohrady\",\"isPartOf\":{\"@id\":\"https:\/\/www.hotelalexis.cz\/#website\"},\"datePublished\":\"2022-02-18T17:26:44+00:00\",\"dateModified\":\"2024-11-04T12:59:29+00:00\",\"description\":\"Buchen Sie moderne Unterkunft in Vinohrady zu einem vern\u00fcnftigen Preis. In der N\u00e4he von Vy\u0161ehrad und dem historischen Zentrum Prags.\",\"breadcrumb\":{\"@id\":\"https:\/\/www.hotelalexis.cz\/de\/buchung\/#breadcrumb\"},\"inLanguage\":\"de-DE\",\"potentialAction\":[{\"@type\":\"ReadAction\",\"target\":[\"https:\/\/www.hotelalexis.cz\/de\/buchung\/\"]}]},{\"@type\":\"BreadcrumbList\",\"@id\":\"https:\/\/www.hotelalexis.cz\/de\/buchung\/#breadcrumb\",\"itemListElement\":[{\"@type\":\"ListItem\",\"position\":1,\"name\":\"Dom\u016f\",\"item\":\"https:\/\/www.hotelalexis.cz\/de\/\"},{\"@type\":\"ListItem\",\"position\":2,\"name\":\"Buchung\"}]}]}<\/script>\n<!-- \/ Yoast SEO plugin. -->","yoast_head_json":{"title":"Buchung | Hotel Alexis Prag, Vinohrady","description":"Buchen Sie moderne Unterkunft in Vinohrady zu einem vern\u00fcnftigen Preis. In der N\u00e4he von Vy\u0161ehrad und dem historischen Zentrum Prags.","robots":{"index":"index","follow":"follow","max-snippet":"max-snippet:-1","max-image-preview":"max-image-preview:large","max-video-preview":"max-video-preview:-1"},"canonical":"https:\/\/www.hotelalexis.cz\/de\/buchung\/","og_locale":"de_DE","og_type":"article","og_title":"Buchung | Hotel Alexis Prag, Vinohrady","og_description":"Buchen Sie moderne Unterkunft in Vinohrady zu einem vern\u00fcnftigen Preis. In der N\u00e4he von Vy\u0161ehrad und dem historischen Zentrum Prags.","og_url":"https:\/\/www.hotelalexis.cz\/de\/buchung\/","og_site_name":"Hotel Alexis Praha | Stylov\u00fd hotel na Vinohradech","article_modified_time":"2024-11-04T12:59:29+00:00","twitter_card":"summary_large_image","twitter_misc":{"Gesch\u00e4tzte Lesezeit":"1 Minute"},"schema":{"@context":"https:\/\/schema.org","@graph":[{"@type":"Organization","@id":"https:\/\/www.hotelalexis.cz\/#organization","name":"Hotel Alexis*** Praha","url":"https:\/\/www.hotelalexis.cz\/","sameAs":[],"logo":{"@type":"ImageObject","@id":"https:\/\/www.hotelalexis.cz\/#logo","inLanguage":"de-DE","url":"https:\/\/www.hotelalexis.cz\/wp-content\/uploads\/2022\/02\/hotel-alexis-praha-logo.png","contentUrl":"https:\/\/www.hotelalexis.cz\/wp-content\/uploads\/2022\/02\/hotel-alexis-praha-logo.png","width":220,"height":220,"caption":"Hotel Alexis*** Praha"},"image":{"@id":"https:\/\/www.hotelalexis.cz\/#logo"}},{"@type":"WebSite","@id":"https:\/\/www.hotelalexis.cz\/#website","url":"https:\/\/www.hotelalexis.cz\/","name":"Hotel Alexis Praha | Stylov\u00fd hotel na Vinohradech","description":"","publisher":{"@id":"https:\/\/www.hotelalexis.cz\/#organization"},"potentialAction":[{"@type":"SearchAction","target":{"@type":"EntryPoint","urlTemplate":"https:\/\/www.hotelalexis.cz\/?s={search_term_string}"},"query-input":"required name=search_term_string"}],"inLanguage":"de-DE"},{"@type":"WebPage","@id":"https:\/\/www.hotelalexis.cz\/de\/buchung\/#webpage","url":"https:\/\/www.hotelalexis.cz\/de\/buchung\/","name":"Buchung | Hotel Alexis Prag, Vinohrady","isPartOf":{"@id":"https:\/\/www.hotelalexis.cz\/#website"},"datePublished":"2022-02-18T17:26:44+00:00","dateModified":"2024-11-04T12:59:29+00:00","description":"Buchen Sie moderne Unterkunft in Vinohrady zu einem vern\u00fcnftigen Preis. In der N\u00e4he von Vy\u0161ehrad und dem historischen Zentrum Prags.","breadcrumb":{"@id":"https:\/\/www.hotelalexis.cz\/de\/buchung\/#breadcrumb"},"inLanguage":"de-DE","potentialAction":[{"@type":"ReadAction","target":["https:\/\/www.hotelalexis.cz\/de\/buchung\/"]}]},{"@type":"BreadcrumbList","@id":"https:\/\/www.hotelalexis.cz\/de\/buchung\/#breadcrumb","itemListElement":[{"@type":"ListItem","position":1,"name":"Dom\u016f","item":"https:\/\/www.hotelalexis.cz\/de\/"},{"@type":"ListItem","position":2,"name":"Buchung"}]}]}},"_links":{"self":[{"href":"https:\/\/www.hotelalexis.cz\/de\/wp-json\/wp\/v2\/pages\/6947"}],"collection":[{"href":"https:\/\/www.hotelalexis.cz\/de\/wp-json\/wp\/v2\/pages"}],"about":[{"href":"https:\/\/www.hotelalexis.cz\/de\/wp-json\/wp\/v2\/types\/page"}],"author":[{"embeddable":true,"href":"https:\/\/www.hotelalexis.cz\/de\/wp-json\/wp\/v2\/users\/1"}],"replies":[{"embeddable":true,"href":"https:\/\/www.hotelalexis.cz\/de\/wp-json\/wp\/v2\/comments?post=6947"}],"version-history":[{"count":15,"href":"https:\/\/www.hotelalexis.cz\/de\/wp-json\/wp\/v2\/pages\/6947\/revisions"}],"predecessor-version":[{"id":7536,"href":"https:\/\/www.hotelalexis.cz\/de\/wp-json\/wp\/v2\/pages\/6947\/revisions\/7536"}],"wp:attachment":[{"href":"https:\/\/www.hotelalexis.cz\/de\/wp-json\/wp\/v2\/media?parent=6947"}],"curies":[{"name":"wp","href":"https:\/\/api.w.org\/{rel}","templated":true}]}}